{"id":8,"date":"2024-05-06T17:51:49","date_gmt":"2024-05-06T17:51:49","guid":{"rendered":"http:\/\/www.analizspor.com.tr\/?page_id=8"},"modified":"2025-09-23T19:54:53","modified_gmt":"2025-09-23T19:54:53","slug":"iletisim","status":"publish","type":"page","link":"https:\/\/www.analizspor.com.tr\/?page_id=8","title":{"rendered":"\u0130LET\u0130\u015e\u0130M"},"content":{"rendered":"\t\t<div data-elementor-type=\"wp-page\" data-elementor-id=\"8\" class=\"elementor elementor-8\">\n\t\t\t\t<div class=\"elementor-element elementor-element-4093128a e-flex e-con-boxed e-con e-parent\" data-id=\"4093128a\" data-element_type=\"container\" data-e-type=\"container\">\n\t\t\t\t\t<div class=\"e-con-inner\">\n\t\t\t\t<div class=\"elementor-element elementor-element-4ac76ad1 elementor-widget elementor-widget-text-editor\" data-id=\"4ac76ad1\" data-element_type=\"widget\" data-e-type=\"widget\" data-widget_type=\"text-editor.default\">\n\t\t\t\t<div class=\"elementor-widget-container\">\n\t\t\t\t\t\t\t\t\t<p align=\"center\"><iframe style=\"border: 0;\" src=\"https:\/\/www.google.com\/maps\/embed?pb=!1m18!1m12!1m3!1d367.6547147513564!2d28.866904768836324!3d41.02054370512486!2m3!1f0!2f0!3f0!3m2!1i1024!2i768!4f13.1!3m3!1m2!1s0x14cabb29369974e9%3A0x481ad6835c6866a4!2zTWFyZcWfYWwgw4dha21haywgU2F5ZGFtIFNrLiBObzo1IEthdDoxIERhaXJlOjIsIDM0MTYwIEfDvG5nw7ZyZW4vxLBzdGFuYnVs!5e1!3m2!1str!2str!4v1758656241001!5m2!1str!2str\" width=\"600\" height=\"450\" allowfullscreen=\"allowfullscreen\"><\/iframe><\/p><p><br \/><strong>B\u0130ZE ULA\u015eINIZ<\/strong><\/p><p><strong>ANAL\u0130Z SPOR YAPILARI \u0130N\u015eAAT SANAY\u0130 VE TICARET <\/strong><strong>L\u0130M\u0130TED \u015e\u0130RKET\u0130<\/strong><\/p><p><strong><i class=\"fas fa-location-dot\"><\/i>\u00a0 Adres:<\/strong> Mare\u015fal \u00c7akmak Mah. Saydam Sok. No: 5 Kat:1 Daire:2 G\u00fcng\u00f6ren \/ \u0130STANBUL<\/p><p><strong><i class=\"fas fa-phone\"><\/i> Tel &amp;\u00a0 Fax:<\/strong> (0212) 651 51 13<\/p><p><strong><i class=\"fas fa-mobile-screen\"><\/i>\u00a0 Gsm:<\/strong> (0532) 577 24 61<\/p><p><strong><i class=\"fab fa-whatsapp\"><\/i>\u00a0 WhatsApp:<\/strong> (0532) 577 24 61<\/p><p><strong><i class=\"fas fa-envelope-open-text\"><\/i>\u00a0 E-posta: <\/strong><a href=\"mailto:info@analizspor.com.tr\">info@analizspor.com.tr<\/a><\/p><p><strong>\u0130LET\u0130\u015e\u0130M FORMU<\/strong><\/p><p>Her t\u00fcrl\u00fc g\u00f6r\u00fc\u015f, \u00f6neri ve iste\u011finizi bize buradan iletebilirsiniz.<\/p><p>\n<div class=\"wpcf7 no-js\" id=\"wpcf7-f87-o1\" lang=\"tr-TR\" dir=\"ltr\" data-wpcf7-id=\"87\">\n<div class=\"screen-reader-response\"><p role=\"status\" aria-live=\"polite\" aria-atomic=\"true\"><\/p> <ul><\/ul><\/div>\n<form action=\"\/index.php?rest_route=%2Fwp%2Fv2%2Fpages%2F8#wpcf7-f87-o1\" method=\"post\" class=\"wpcf7-form init\" aria-label=\"\u0130leti\u015fim Formu\" novalidate=\"novalidate\" data-status=\"init\">\n<fieldset class=\"hidden-fields-container\"><input type=\"hidden\" name=\"_wpcf7\" value=\"87\" \/><input type=\"hidden\" name=\"_wpcf7_version\" value=\"6.1.5\" \/><input type=\"hidden\" name=\"_wpcf7_locale\" value=\"tr_TR\" \/><input type=\"hidden\" name=\"_wpcf7_unit_tag\" value=\"wpcf7-f87-o1\" \/><input type=\"hidden\" name=\"_wpcf7_container_post\" value=\"0\" \/><input type=\"hidden\" name=\"_wpcf7_posted_data_hash\" value=\"\" \/>\n<\/fieldset>\n<p><label> Ad\u0131n\u0131z<br \/>\n<span class=\"wpcf7-form-control-wrap\" data-name=\"your-name\"><input size=\"40\" maxlength=\"400\" class=\"wpcf7-form-control wpcf7-text wpcf7-validates-as-required\" autocomplete=\"name\" aria-required=\"true\" aria-invalid=\"false\" value=\"\" type=\"text\" name=\"your-name\" \/><\/span> <\/label>\n<\/p>\n<p><label> E-posta adresiniz<br \/>\n<span class=\"wpcf7-form-control-wrap\" data-name=\"your-email\"><input size=\"40\" maxlength=\"400\" class=\"wpcf7-form-control wpcf7-email wpcf7-validates-as-required wpcf7-text wpcf7-validates-as-email\" autocomplete=\"email\" aria-required=\"true\" aria-invalid=\"false\" value=\"\" type=\"email\" name=\"your-email\" \/><\/span> <\/label>\n<\/p>\n<p><label> Konu<br \/>\n<span class=\"wpcf7-form-control-wrap\" data-name=\"your-subject\"><input size=\"40\" maxlength=\"400\" class=\"wpcf7-form-control wpcf7-text\" aria-invalid=\"false\" value=\"\" type=\"text\" name=\"your-subject\" \/><\/span> <\/label>\n<\/p>\n<p><label> Mesaj (tercihe ba\u011fl\u0131)<br \/>\n<span class=\"wpcf7-form-control-wrap\" data-name=\"your-message\"><textarea cols=\"40\" rows=\"10\" maxlength=\"2000\" class=\"wpcf7-form-control wpcf7-textarea\" aria-invalid=\"false\" name=\"your-message\"><\/textarea><\/span> <\/label>\n<\/p>\n<p><input class=\"wpcf7-form-control wpcf7-submit has-spinner\" type=\"submit\" value=\"G\u00f6nder\" \/>\n<\/p><div class=\"wpcf7-response-output\" aria-hidden=\"true\"><\/div>\n<\/form>\n<\/div>\n<\/p>\t\t\t\t\t\t\t\t<\/div>\n\t\t\t\t<\/div>\n\t\t\t\t\t<\/div>\n\t\t\t\t<\/div>\n\t\t\t\t<\/div>\n\t\t","protected":false},"excerpt":{"rendered":"<p>B\u0130ZE ULA\u015eINIZ ANAL\u0130Z SPOR YAPILARI \u0130N\u015eAAT SANAY\u0130 VE TICARET L\u0130M\u0130TED \u015e\u0130RKET\u0130 \u00a0 Adres: Mare\u015fal \u00c7akmak Mah. Saydam Sok. No: 5 Kat:1 Daire:2 G\u00fcng\u00f6ren \/ \u0130STANBUL Tel &amp;\u00a0 Fax: (0212) 651 51 13 \u00a0 Gsm: (0532) 577 24 61 \u00a0 WhatsApp: (0532) 577 24 61 \u00a0 E-posta: info@analizspor.com.tr \u0130LET\u0130\u015e\u0130M FORMU Her t\u00fcrl\u00fc g\u00f6r\u00fc\u015f, \u00f6neri ve iste\u011finizi bize buradan iletebilirsiniz.<\/p>\n","protected":false},"author":1,"featured_media":0,"parent":0,"menu_order":0,"comment_status":"closed","ping_status":"closed","template":"template-parts\/template-full-width.php","meta":{"_joinchat":[],"footnotes":""},"class_list":["post-8","page","type-page","status-publish","hentry"],"_links":{"self":[{"href":"https:\/\/www.analizspor.com.tr\/index.php?rest_route=\/wp\/v2\/pages\/8","targetHints":{"allow":["GET"]}}],"collection":[{"href":"https:\/\/www.analizspor.com.tr\/index.php?rest_route=\/wp\/v2\/pages"}],"about":[{"href":"https:\/\/www.analizspor.com.tr\/index.php?rest_route=\/wp\/v2\/types\/page"}],"author":[{"embeddable":true,"href":"https:\/\/www.analizspor.com.tr\/index.php?rest_route=\/wp\/v2\/users\/1"}],"replies":[{"embeddable":true,"href":"https:\/\/www.analizspor.com.tr\/index.php?rest_route=%2Fwp%2Fv2%2Fcomments&post=8"}],"version-history":[{"count":22,"href":"https:\/\/www.analizspor.com.tr\/index.php?rest_route=\/wp\/v2\/pages\/8\/revisions"}],"predecessor-version":[{"id":197,"href":"https:\/\/www.analizspor.com.tr\/index.php?rest_route=\/wp\/v2\/pages\/8\/revisions\/197"}],"wp:attachment":[{"href":"https:\/\/www.analizspor.com.tr\/index.php?rest_route=%2Fwp%2Fv2%2Fmedia&parent=8"}],"curies":[{"name":"wp","href":"https:\/\/api.w.org\/{rel}","templated":true}]}}