{"id":15,"date":"2024-05-06T17:51:49","date_gmt":"2024-05-06T17:51:49","guid":{"rendered":"http:\/\/www.analizspor.com.tr\/?page_id=15"},"modified":"2024-05-16T23:28:29","modified_gmt":"2024-05-16T23:28:29","slug":"yapay-gunes","status":"publish","type":"page","link":"https:\/\/www.analizspor.com.tr\/?page_id=15","title":{"rendered":"Yapay G\u00fcne\u015f"},"content":{"rendered":"<p><img fetchpriority=\"high\" decoding=\"async\" class=\"aligncenter wp-image-140 size-full\" src=\"https:\/\/www.analizspor.com.tr\/wp-content\/uploads\/2024\/05\/yapay-gunes-1.jpeg\" alt=\"\" width=\"800\" height=\"450\" srcset=\"https:\/\/www.analizspor.com.tr\/wp-content\/uploads\/2024\/05\/yapay-gunes-1.jpeg 800w, https:\/\/www.analizspor.com.tr\/wp-content\/uploads\/2024\/05\/yapay-gunes-1-300x169.jpeg 300w, https:\/\/www.analizspor.com.tr\/wp-content\/uploads\/2024\/05\/yapay-gunes-1-768x432.jpeg 768w\" sizes=\"(max-width: 800px) 100vw, 800px\" \/><\/p>\n<p>Do\u011fal \u00e7im sahalarda \u00e7imin sa\u011fl\u0131kl\u0131 b\u00fcy\u00fcmesi i\u00e7in gerekli olan \u0131\u015f\u0131\u011fa sahip olmayan b\u00f6lgeler i\u00e7in kullan\u0131lan Yapay G\u00fcn I\u015f\u0131\u011f\u0131 Sistemi\u2019ni \u00fcretmekteyiz. Bu sistemi \u00fcreten D\u00fcnya\u2019daki \u00fc\u00e7\u00fcnc\u00fc, T\u00fcrkiye\u2019 de ise ilk yerli firmay\u0131z. Yurt i\u00e7inde ve d\u0131\u015f\u0131nda pek \u00e7ok projede \u00e7al\u0131\u015fmalar\u0131m\u0131z\u0131 ba\u015far\u0131yla tamamlad\u0131k ve yeni projelerle devam etmekteyiz.<\/p>\n<p>&nbsp;<\/p>\n","protected":false},"excerpt":{"rendered":"<p>Do\u011fal \u00e7im sahalarda \u00e7imin sa\u011fl\u0131kl\u0131 b\u00fcy\u00fcmesi i\u00e7in gerekli olan \u0131\u015f\u0131\u011fa sahip olmayan b\u00f6lgeler i\u00e7in kullan\u0131lan Yapay G\u00fcn I\u015f\u0131\u011f\u0131 Sistemi\u2019ni \u00fcretmekteyiz. Bu sistemi \u00fcreten D\u00fcnya\u2019daki \u00fc\u00e7\u00fcnc\u00fc, T\u00fcrkiye\u2019 de ise ilk yerli firmay\u0131z. Yurt i\u00e7inde ve d\u0131\u015f\u0131nda pek \u00e7ok projede \u00e7al\u0131\u015fmalar\u0131m\u0131z\u0131 ba\u015far\u0131yla tamamlad\u0131k ve yeni projelerle devam etmekteyiz. &nbsp;<\/p>\n","protected":false},"author":1,"featured_media":0,"parent":0,"menu_order":0,"comment_status":"closed","ping_status":"closed","template":"template-parts\/template-full-width.php","meta":{"_joinchat":[],"footnotes":""},"class_list":["post-15","page","type-page","status-publish","hentry"],"_links":{"self":[{"href":"https:\/\/www.analizspor.com.tr\/index.php?rest_route=\/wp\/v2\/pages\/15","targetHints":{"allow":["GET"]}}],"collection":[{"href":"https:\/\/www.analizspor.com.tr\/index.php?rest_route=\/wp\/v2\/pages"}],"about":[{"href":"https:\/\/www.analizspor.com.tr\/index.php?rest_route=\/wp\/v2\/types\/page"}],"author":[{"embeddable":true,"href":"https:\/\/www.analizspor.com.tr\/index.php?rest_route=\/wp\/v2\/users\/1"}],"replies":[{"embeddable":true,"href":"https:\/\/www.analizspor.com.tr\/index.php?rest_route=%2Fwp%2Fv2%2Fcomments&post=15"}],"version-history":[{"count":7,"href":"https:\/\/www.analizspor.com.tr\/index.php?rest_route=\/wp\/v2\/pages\/15\/revisions"}],"predecessor-version":[{"id":141,"href":"https:\/\/www.analizspor.com.tr\/index.php?rest_route=\/wp\/v2\/pages\/15\/revisions\/141"}],"wp:attachment":[{"href":"https:\/\/www.analizspor.com.tr\/index.php?rest_route=%2Fwp%2Fv2%2Fmedia&parent=15"}],"curies":[{"name":"wp","href":"https:\/\/api.w.org\/{rel}","templated":true}]}}