{"id":14,"date":"2024-05-06T17:51:49","date_gmt":"2024-05-06T17:51:49","guid":{"rendered":"http:\/\/www.analizspor.com.tr\/?page_id=14"},"modified":"2024-05-16T22:01:33","modified_gmt":"2024-05-16T22:01:33","slug":"insaat-taahhut","status":"publish","type":"page","link":"https:\/\/www.analizspor.com.tr\/?page_id=14","title":{"rendered":"\u0130n\u015faat &#8211; Taahh\u00fct"},"content":{"rendered":"<p><strong><img fetchpriority=\"high\" decoding=\"async\" class=\"wp-image-116 size-full aligncenter\" src=\"https:\/\/www.analizspor.com.tr\/wp-content\/uploads\/2024\/05\/ins.jpg\" alt=\"\" width=\"750\" height=\"422\" srcset=\"https:\/\/www.analizspor.com.tr\/wp-content\/uploads\/2024\/05\/ins.jpg 750w, https:\/\/www.analizspor.com.tr\/wp-content\/uploads\/2024\/05\/ins-300x169.jpg 300w\" sizes=\"(max-width: 750px) 100vw, 750px\" \/><\/strong><\/p>\n<p><strong>Analiz Spor,<\/strong> spor mek\u00e2nlar\u0131 konusunda uzman mimarlar\u0131 ile futbol, basketbol, tenis, voleybol ve daha pek \u00e7ok spor dal\u0131na uygun \u00f6zel tasarlanm\u0131\u015f sahalar\u0131n en kullan\u0131\u015fl\u0131 ve konforlu projelendirmesini yaparak anahtar teslimi in\u015faat taahh\u00fct i\u015flerini yapmaktad\u0131r.<\/p>\n<h2 style=\"text-align: center;\"><strong>&#8220;Konforlu ve g\u00fcvenilir ya\u015fam alanlar\u0131 \u00fcretiyoruz.&#8221;<\/strong><\/h2>\n<p>1994 y\u0131l\u0131nda \u0130n\u015faat, altyap\u0131 ve taahh\u00fct alanlar\u0131nda faaliyet g\u00f6stermek amac\u0131yla kurulan <strong>Analiz Spor<\/strong> 100\u2019 \u00fcn \u00fczerinde spor tesisi projesini tamamlam\u0131\u015ft\u0131r. Spor tesisleri ve spor kompleksleri in\u015faatlar\u0131n\u0131n yap\u0131m\u0131 ve peyzaj konular\u0131nda uzmanla\u015fan <strong>Analiz Spor,<\/strong> Mersin Uluslararas\u0131 At\u0131c\u0131l\u0131k Spor Kompleksi, Mersin Cimnastik Salonu, Kas\u0131mpa\u015fa Stad\u0131, Bah\u00e7elievler Hasan Do\u011fan ve Muhsin Yaz\u0131c\u0131o\u011flu Spor Kompleksleri in\u015faat\u0131 gibi bir\u00e7ok \u00f6nemli projeyi tamamlam\u0131\u015ft\u0131r.<\/p>\n<p><strong>Analiz Spor,<\/strong> ba\u015fta spor sekt\u00f6r\u00fcne y\u00f6nelik yap\u0131 ve tesislerin in\u015faat\u0131 olmak \u00fczere, bir dizi projeye imza atm\u0131\u015ft\u0131r. Yapt\u0131\u011f\u0131m\u0131z projeler bize referans olurken yapacaklar\u0131m\u0131z\u0131n da teminat\u0131d\u0131r.<\/p>\n<p>Bitirdi\u011fimiz projeleri g\u00f6rmek i\u00e7in <a href=\"?page_id=7\"><strong>TIKLAYINIZ.<\/strong><\/a><\/p>\n","protected":false},"excerpt":{"rendered":"<p>Analiz Spor, spor mek\u00e2nlar\u0131 konusunda uzman mimarlar\u0131 ile futbol, basketbol, tenis, voleybol ve daha pek \u00e7ok spor dal\u0131na uygun \u00f6zel tasarlanm\u0131\u015f sahalar\u0131n en kullan\u0131\u015fl\u0131 ve konforlu projelendirmesini yaparak anahtar teslimi in\u015faat taahh\u00fct i\u015flerini yapmaktad\u0131r. &#8220;Konforlu ve g\u00fcvenilir ya\u015fam alanlar\u0131 \u00fcretiyoruz.&#8221; 1994 y\u0131l\u0131nda \u0130n\u015faat, altyap\u0131 ve taahh\u00fct alanlar\u0131nda faaliyet g\u00f6stermek amac\u0131yla kurulan Analiz Spor 100\u2019 \u00fcn \u00fczerinde spor tesisi projesini tamamlam\u0131\u015ft\u0131r. Spor tesisleri ve spor kompleksleri in\u015faatlar\u0131n\u0131n yap\u0131m\u0131 ve peyzaj konular\u0131nda uzmanla\u015fan Analiz Spor, Mersin Uluslararas\u0131 At\u0131c\u0131l\u0131k Spor Kompleksi, Mersin Cimnastik Salonu, Kas\u0131mpa\u015fa Stad\u0131, Bah\u00e7elievler Hasan Do\u011fan ve Muhsin Yaz\u0131c\u0131o\u011flu Spor Kompleksleri in\u015faat\u0131 gibi bir\u00e7ok \u00f6nemli projeyi tamamlam\u0131\u015ft\u0131r. Analiz Spor, ba\u015fta&#8230; <\/p>\n","protected":false},"author":1,"featured_media":0,"parent":0,"menu_order":0,"comment_status":"closed","ping_status":"closed","template":"template-parts\/template-full-width.php","meta":{"_joinchat":[],"footnotes":""},"class_list":["post-14","page","type-page","status-publish","hentry"],"_links":{"self":[{"href":"https:\/\/www.analizspor.com.tr\/index.php?rest_route=\/wp\/v2\/pages\/14","targetHints":{"allow":["GET"]}}],"collection":[{"href":"https:\/\/www.analizspor.com.tr\/index.php?rest_route=\/wp\/v2\/pages"}],"about":[{"href":"https:\/\/www.analizspor.com.tr\/index.php?rest_route=\/wp\/v2\/types\/page"}],"author":[{"embeddable":true,"href":"https:\/\/www.analizspor.com.tr\/index.php?rest_route=\/wp\/v2\/users\/1"}],"replies":[{"embeddable":true,"href":"https:\/\/www.analizspor.com.tr\/index.php?rest_route=%2Fwp%2Fv2%2Fcomments&post=14"}],"version-history":[{"count":6,"href":"https:\/\/www.analizspor.com.tr\/index.php?rest_route=\/wp\/v2\/pages\/14\/revisions"}],"predecessor-version":[{"id":118,"href":"https:\/\/www.analizspor.com.tr\/index.php?rest_route=\/wp\/v2\/pages\/14\/revisions\/118"}],"wp:attachment":[{"href":"https:\/\/www.analizspor.com.tr\/index.php?rest_route=%2Fwp%2Fv2%2Fmedia&parent=14"}],"curies":[{"name":"wp","href":"https:\/\/api.w.org\/{rel}","templated":true}]}}