{"id":13,"date":"2024-05-06T17:51:49","date_gmt":"2024-05-06T17:51:49","guid":{"rendered":"http:\/\/www.analizspor.com.tr\/?page_id=13"},"modified":"2024-05-16T22:02:39","modified_gmt":"2024-05-16T22:02:39","slug":"projelendirme-ve-danismanlik","status":"publish","type":"page","link":"https:\/\/www.analizspor.com.tr\/?page_id=13","title":{"rendered":"Projelendirme ve Dan\u0131\u015fmanl\u0131k"},"content":{"rendered":"<p><img fetchpriority=\"high\" decoding=\"async\" class=\"wp-image-113 size-full aligncenter\" src=\"https:\/\/www.analizspor.com.tr\/wp-content\/uploads\/2024\/05\/projelendirme-taahhut-danismanlik.jpeg\" alt=\"\" width=\"800\" height=\"500\" srcset=\"https:\/\/www.analizspor.com.tr\/wp-content\/uploads\/2024\/05\/projelendirme-taahhut-danismanlik.jpeg 800w, https:\/\/www.analizspor.com.tr\/wp-content\/uploads\/2024\/05\/projelendirme-taahhut-danismanlik-300x188.jpeg 300w, https:\/\/www.analizspor.com.tr\/wp-content\/uploads\/2024\/05\/projelendirme-taahhut-danismanlik-768x480.jpeg 768w\" sizes=\"(max-width: 800px) 100vw, 800px\" \/><\/p>\n<h4><\/h4>\n<h4>Proje Hizmetleri<\/h4>\n<p><strong>Analiz Spor,<\/strong> spor mekanlar\u0131 konusunda uzman mimarlar\u0131 ile futbol, basketbol, tenis, voleybol ve daha pek \u00e7ok spor dal\u0131na uygun \u00f6zel tasarlanm\u0131\u015f sahalar\u0131n en kullan\u0131\u015fl\u0131 ve konforlu projelendirme hizmetini vermekteyiz.<\/p>\n<p>Yeni yapaca\u011f\u0131n\u0131z spor mekanlar\u0131n\u0131n veya tadilat yapaca\u011f\u0131n\u0131z spor mekanlar\u0131n\u0131n mimarl\u0131k ve proje \u00e7izimlerini yap\u0131yoruz.<\/p>\n<h4>Dan\u0131\u015fmanl\u0131k Hizmetleri<\/h4>\n<p><strong>Analiz Spor,<\/strong> 30 y\u0131ld\u0131r sekt\u00f6rde kazand\u0131\u011f\u0131 bilgi birikimleri ile siz de\u011ferli m\u00fc\u015fterilerimize spor mek\u00e2nlar\u0131 tasar\u0131m\u0131 konusunda dan\u0131\u015fmanl\u0131k hizmeti sunmaktad\u0131r. Sizde <strong>Analiz Spor<\/strong>\u2019 dan dan\u0131\u015fmanl\u0131k hizmeti almak istiyorsan\u0131z bizimle ileti\u015fime ge\u00e7meniz yeterlidir.<\/p>\n","protected":false},"excerpt":{"rendered":"<p>Proje Hizmetleri Analiz Spor, spor mekanlar\u0131 konusunda uzman mimarlar\u0131 ile futbol, basketbol, tenis, voleybol ve daha pek \u00e7ok spor dal\u0131na uygun \u00f6zel tasarlanm\u0131\u015f sahalar\u0131n en kullan\u0131\u015fl\u0131 ve konforlu projelendirme hizmetini vermekteyiz. Yeni yapaca\u011f\u0131n\u0131z spor mekanlar\u0131n\u0131n veya tadilat yapaca\u011f\u0131n\u0131z spor mekanlar\u0131n\u0131n mimarl\u0131k ve proje \u00e7izimlerini yap\u0131yoruz. Dan\u0131\u015fmanl\u0131k Hizmetleri Analiz Spor, 30 y\u0131ld\u0131r sekt\u00f6rde kazand\u0131\u011f\u0131 bilgi birikimleri ile siz de\u011ferli m\u00fc\u015fterilerimize spor mek\u00e2nlar\u0131 tasar\u0131m\u0131 konusunda dan\u0131\u015fmanl\u0131k hizmeti sunmaktad\u0131r. Sizde Analiz Spor\u2019 dan dan\u0131\u015fmanl\u0131k hizmeti almak istiyorsan\u0131z bizimle ileti\u015fime ge\u00e7meniz yeterlidir.<\/p>\n","protected":false},"author":1,"featured_media":0,"parent":0,"menu_order":0,"comment_status":"closed","ping_status":"closed","template":"template-parts\/template-full-width.php","meta":{"_joinchat":[],"footnotes":""},"class_list":["post-13","page","type-page","status-publish","hentry"],"_links":{"self":[{"href":"https:\/\/www.analizspor.com.tr\/index.php?rest_route=\/wp\/v2\/pages\/13","targetHints":{"allow":["GET"]}}],"collection":[{"href":"https:\/\/www.analizspor.com.tr\/index.php?rest_route=\/wp\/v2\/pages"}],"about":[{"href":"https:\/\/www.analizspor.com.tr\/index.php?rest_route=\/wp\/v2\/types\/page"}],"author":[{"embeddable":true,"href":"https:\/\/www.analizspor.com.tr\/index.php?rest_route=\/wp\/v2\/users\/1"}],"replies":[{"embeddable":true,"href":"https:\/\/www.analizspor.com.tr\/index.php?rest_route=%2Fwp%2Fv2%2Fcomments&post=13"}],"version-history":[{"count":8,"href":"https:\/\/www.analizspor.com.tr\/index.php?rest_route=\/wp\/v2\/pages\/13\/revisions"}],"predecessor-version":[{"id":120,"href":"https:\/\/www.analizspor.com.tr\/index.php?rest_route=\/wp\/v2\/pages\/13\/revisions\/120"}],"wp:attachment":[{"href":"https:\/\/www.analizspor.com.tr\/index.php?rest_route=%2Fwp%2Fv2%2Fmedia&parent=13"}],"curies":[{"name":"wp","href":"https:\/\/api.w.org\/{rel}","templated":true}]}}